{"id":82,"date":"2022-02-16T13:09:38","date_gmt":"2022-02-16T12:09:38","guid":{"rendered":"http:\/\/gautierbabe.com\/?page_id=82"},"modified":"2024-12-02T13:51:28","modified_gmt":"2024-12-02T12:51:28","slug":"about","status":"publish","type":"page","link":"https:\/\/gautierbabe.com\/index.php\/fr\/about\/","title":{"rendered":"\u00c0 propos"},"content":{"rendered":"[vc_row type=&#8221;in_container&#8221; full_screen_row_position=&#8221;middle&#8221; column_margin=&#8221;default&#8221; column_direction=&#8221;default&#8221; column_direction_tablet=&#8221;default&#8221; column_direction_phone=&#8221;default&#8221; bg_color=&#8221;#ffffff&#8221; scene_position=&#8221;center&#8221; text_color=&#8221;dark&#8221; text_align=&#8221;left&#8221; row_border_radius=&#8221;none&#8221; row_border_radius_applies=&#8221;bg&#8221; overflow=&#8221;visible&#8221; advanced_gradient_angle=&#8221;0&#8243; overlay_strength=&#8221;0.3&#8243; gradient_direction=&#8221;left_to_right&#8221; shape_divider_position=&#8221;bottom&#8221; bg_image_animation=&#8221;none&#8221; gradient_type=&#8221;default&#8221; shape_type=&#8221;&#8221;][vc_column column_padding=&#8221;padding-2-percent&#8221; column_padding_tablet=&#8221;inherit&#8221; column_padding_phone=&#8221;inherit&#8221; column_padding_position=&#8221;right&#8221; column_element_spacing=&#8221;default&#8221; background_color=&#8221;#ffffff&#8221; background_color_opacity=&#8221;1&#8243; background_hover_color_opacity=&#8221;1&#8243; column_shadow=&#8221;none&#8221; column_border_radius=&#8221;none&#8221; column_link_target=&#8221;_self&#8221; column_position=&#8221;default&#8221; advanced_gradient_angle=&#8221;0&#8243; gradient_direction=&#8221;left_to_right&#8221; overlay_strength=&#8221;0.3&#8243; width=&#8221;1\/2&#8243; tablet_width_inherit=&#8221;default&#8221; tablet_text_alignment=&#8221;default&#8221; phone_text_alignment=&#8221;default&#8221; animation_type=&#8221;default&#8221; bg_image_animation=&#8221;none&#8221; border_type=&#8221;simple&#8221; column_border_width=&#8221;none&#8221; column_border_style=&#8221;solid&#8221; gradient_type=&#8221;default&#8221;][vc_custom_heading text=&#8221;Biographie&#8221; font_container=&#8221;tag:h2|font_size:20px|text_align:left|color:%23ffffff|line_height:50px&#8221; google_fonts=&#8221;font_family:Roboto%3A100%2C100italic%2C300%2C300italic%2Cregular%2Citalic%2C500%2C500italic%2C700%2C700italic%2C900%2C900italic|font_style:700%20bold%20regular%3A700%3Anormal&#8221; css=&#8221;.vc_custom_1649251654923{margin-right: 5px !important;padding-left: 10px !important;background-color: #6d9396 !important;}&#8221;][vc_column_text css_animation=&#8221;fadeIn&#8221; css=&#8221;.vc_custom_1709200593403{margin-top: 30px !important;margin-bottom: 30px !important;}&#8221;]Gautier Babe est un sc\u00e9nariste et r\u00e9alisateur fran\u00e7ais. Son film de fin d&#8217;\u00e9tudes, JEUX DE GUERRE, sorti en 2014, est une m\u00e9taphore cynique et d\u00e9cal\u00e9e sur la guerre en Syrie. Diffus\u00e9 dans plusieurs \u00e9coles \u00e0 des fins \u00e9ducatives, il a notamment remport\u00e9 le Troph\u00e9e Prodij de la ville de Lyon.<\/p>\n<p>Son deuxi\u00e8me court m\u00e9trage, produit par Block 8 Production, SUNSET IDOL, a gagn\u00e9 de nombreuses s\u00e9lections \u00e0 travers le monde. Au m\u00eame moment, il \u00e9crit 100% ORGANIC, un film gore et burlesque, produit par la soci\u00e9t\u00e9 am\u00e9ricaine Crypt TV.<\/p>\n<p>Son dernier court, LIFE AND DEATH OF A LIVING DEAD, est achet\u00e9 et diffus\u00e9 par la plateforme Alter. Ces deux derniers courts-m\u00e9trages cumulent plus de 7 millions de vues.<\/p>\n<p>Actuellement, il a cinq projets de longs-m\u00e9trages et courts-m\u00e9trages en d\u00e9veloppement.[\/vc_column_text][vc_custom_heading text=&#8221;Contact&#8221; font_container=&#8221;tag:h2|font_size:20px|text_align:left|color:%23ffffff|line_height:50px&#8221; google_fonts=&#8221;font_family:Roboto%3A100%2C100italic%2C300%2C300italic%2Cregular%2Citalic%2C500%2C500italic%2C700%2C700italic%2C900%2C900italic|font_style:700%20bold%20regular%3A700%3Anormal&#8221; css=&#8221;.vc_custom_1645289128875{padding-left: 10px !important;background-color: #6d9396 !important;}&#8221;][vc_column_text css=&#8221;.vc_custom_1649252578284{margin-top: 30px !important;margin-bottom: 30px !important;}&#8221;]Gautier Babe<br \/>\nSc\u00e9nariste \/ R\u00e9alisateur<br \/>\nParis \/ Lyon<br \/>\n(+33) 06 95 65 50 94<br \/>\n<a href=\"mailto:gautier@gautierbabe.com\">Contactez moi<\/a>[\/vc_column_text][\/vc_column][vc_column column_padding=&#8221;no-extra-padding&#8221; column_padding_tablet=&#8221;inherit&#8221; column_padding_phone=&#8221;inherit&#8221; column_padding_position=&#8221;all&#8221; column_element_spacing=&#8221;default&#8221; background_color=&#8221;#ffffff&#8221; background_color_opacity=&#8221;1&#8243; background_hover_color_opacity=&#8221;1&#8243; column_shadow=&#8221;none&#8221; column_border_radius=&#8221;none&#8221; column_link_target=&#8221;_self&#8221; column_position=&#8221;default&#8221; advanced_gradient_angle=&#8221;0&#8243; gradient_direction=&#8221;left_to_right&#8221; overlay_strength=&#8221;0.3&#8243; width=&#8221;1\/2&#8243; tablet_width_inherit=&#8221;default&#8221; tablet_text_alignment=&#8221;default&#8221; phone_text_alignment=&#8221;default&#8221; animation_type=&#8221;default&#8221; bg_image_animation=&#8221;none&#8221; border_type=&#8221;simple&#8221; column_border_width=&#8221;none&#8221; column_border_style=&#8221;solid&#8221; gradient_type=&#8221;default&#8221;][vc_custom_heading text=&#8221;Travaux (R\u00e9alisateur)&#8221; font_container=&#8221;tag:h2|font_size:20px|text_align:left|color:%23ffffff|line_height:50px&#8221; google_fonts=&#8221;font_family:Roboto%3A100%2C100italic%2C300%2C300italic%2Cregular%2Citalic%2C500%2C500italic%2C700%2C700italic%2C900%2C900italic|font_style:700%20bold%20regular%3A700%3Anormal&#8221; css=&#8221;.vc_custom_1649251745834{margin-left: 5px !important;padding-left: 10px !important;background-color: #6d9396 !important;}&#8221;][vc_column_text css_animation=&#8221;fadeIn&#8221; css=&#8221;.vc_custom_1692697247424{margin-top: 30px !important;margin-bottom: 30px !important;margin-left: 10px !important;}&#8221;]<strong>2021 \u2013 LIFE AND DEATH OF A LIVING DEAD<\/strong><br \/>\n<em><i><span style=\"font-weight: 400;\">Alter 2022 &#8211; Los Angeles, USA<br \/>\nShort of the Year 2023 &#8211; Madrid, Espagne<br \/>\nCrypticon Seattle Film Festival 2023 &#8211; Seattle, USA<br \/>\nFundaci\u00f3n Cine en las Monta\u00f1as 2023 &#8211; Salento, Colombie<br \/>\nPortobello Film Festival 2023 &#8211; Londres, UK<br \/>\nCinemachi Scream &#8211; TV, Sri Lanka<\/span><\/i><\/em><\/p>\n<p><strong>2018 &#8211; SUNSET IDOL<\/strong><br \/>\n<i><span style=\"font-weight: 400;\">International Hollywood short film festival 2020 &#8211; Hollywood, USA<\/span><\/i><br \/>\n<i><span style=\"font-weight: 400;\">Hotmilk film makers festival 2019 &#8211; Cholet, France<\/span><\/i><br \/>\n<i><span style=\"font-weight: 400;\">Moscow short awards 2019 &#8211; Moscou, Russie<\/span><\/i><br \/>\n<i><span style=\"font-weight: 400;\">Los Angeles cinefest 2019 &#8211; Los Angeles, USA<\/span><\/i><br \/>\n<i><span style=\"font-weight: 400;\">Lift-off sessions 2019<\/span><\/i><br \/>\n<i><span style=\"font-weight: 400;\">Filmoramax 2020 &#8211; Lyon, France<\/span><\/i><br \/>\n<i><span style=\"font-weight: 400;\">Riverside international film festival 2020 &#8211; Riverside, USA<br \/>\nFestimaj 2020 &#8211; Sevremont, France<br \/>\nAsia South East 2020 &#8211; Cambodge &#8211; (mention sp\u00e9ciale)<br \/>\n<\/span><\/i><\/p>\n<p><strong>2014 &#8211; WARGAMES<\/strong><br \/>\n<i><span style=\"font-weight: 400;\">Prix Prodij 2014 &#8211; Lyon, France<br \/>\nShort Film Corner 2014 &#8211; Cannes, France<\/span><\/i>[\/vc_column_text][vc_custom_heading text=&#8221;Travaux (Sc\u00e9nariste)&#8221; font_container=&#8221;tag:h2|font_size:20px|text_align:left|color:%23ffffff|line_height:50px&#8221; google_fonts=&#8221;font_family:Roboto%3A100%2C100italic%2C300%2C300italic%2Cregular%2Citalic%2C500%2C500italic%2C700%2C700italic%2C900%2C900italic|font_style:700%20bold%20regular%3A700%3Anormal&#8221; css=&#8221;.vc_custom_1649251759509{padding-left: 10px !important;background-color: #6d9396 !important;}&#8221;][vc_column_text css_animation=&#8221;fadeIn&#8221; css=&#8221;.vc_custom_1649252304784{margin-top: 30px !important;margin-bottom: 30px !important;}&#8221;]<strong>2018 \u2013 100% ORGANIC<\/strong><br \/>\n<i><span style=\"font-weight: 400;\">Holly Shorts Film Festival 2018 &#8211; Hollywood, USA<\/span><\/i><br \/>\n<i><span style=\"font-weight: 400;\">Los Angeles Cinefest 2018 &#8211; Los Angeles, USA (semi-finaliste)<\/span><\/i><br \/>\n<i><span style=\"font-weight: 400;\">Toronto Indie Horror Festival 2018 &#8211; Toronto, Canada<\/span><\/i><br \/>\n<i><span style=\"font-weight: 400;\">Art All Night 2018 &#8211; Trenton, New Jersey, USA<\/span><\/i><br \/>\n<i><span style=\"font-weight: 400;\">Molins de Rey Horror Film Festival 2018 &#8211; Molins de Rey, Espagne (Nomin\u00e9 pour le prix du meilleur film)<\/span><\/i><br \/>\n<i><span style=\"font-weight: 400;\">Festival SPASM 2018 &#8211; Montr\u00e9al, Canada<\/span><\/i><br \/>\n<i><span style=\"font-weight: 400;\">ByDayFest Festival 2018 &#8211; Roses, Espagne<\/span><\/i><br \/>\n<i><span style=\"font-weight: 400;\">Fen\u00eatres Sur Courts 2018 &#8211; Dijon, France<\/span><\/i><br \/>\n<i><span style=\"font-weight: 400;\">Hotmilk Filmmakers Festival 2018 &#8211; Cholet, France<\/span><\/i><br \/>\n<i><span style=\"font-weight: 400;\">KinoSmena 2018 &#8211; Minsk, Bielorussie<\/span><\/i><br \/>\n<i><span style=\"font-weight: 400;\">Diabolical Horror Film Festival 2018 \u2013 USA (Nomin\u00e9 pour le prix du meilleur film et de la meilleure r\u00e9alisation)<\/span><\/i><br \/>\n<i><span style=\"font-weight: 400;\">Dreadfest Horror Film Festival 2018 &#8211; North Bend, USA<\/span><\/i><br \/>\n<i><span style=\"font-weight: 400;\">Festival of Terror &#8211; Birmingham, Angleterre\u00a0 (semi-finaliste)<\/span><\/i><br \/>\n<i><span style=\"font-weight: 400;\">Slay Film Festival 2020 &#8211; Portland, USA<\/span><\/i>[\/vc_column_text][\/vc_column][\/vc_row]\n","protected":false},"excerpt":{"rendered":"<p>[vc_row type=&#8221;in_container&#8221; full_screen_row_position=&#8221;middle&#8221; column_margin=&#8221;default&#8221; column_direction=&#8221;default&#8221; column_direction_tablet=&#8221;default&#8221; column_direction_phone=&#8221;default&#8221; bg_color=&#8221;#ffffff&#8221; scene_position=&#8221;center&#8221; text_color=&#8221;dark&#8221; text_align=&#8221;left&#8221; row_border_radius=&#8221;none&#8221; row_border_radius_applies=&#8221;bg&#8221; overflow=&#8221;visible&#8221; advanced_gradient_angle=&#8221;0&#8243; overlay_strength=&#8221;0.3&#8243; gradient_direction=&#8221;left_to_right&#8221; shape_divider_position=&#8221;bottom&#8221; bg_image_animation=&#8221;none&#8221; gradient_type=&#8221;default&#8221; shape_type=&#8221;&#8221;][vc_column column_padding=&#8221;padding-2-percent&#8221; column_padding_tablet=&#8221;inherit&#8221; column_padding_phone=&#8221;inherit&#8221; column_padding_position=&#8221;right&#8221; column_element_spacing=&#8221;default&#8221; background_color=&#8221;#ffffff&#8221; background_color_opacity=&#8221;1&#8243; background_hover_color_opacity=&#8221;1&#8243; column_shadow=&#8221;none&#8221;&#8230;<\/p>\n","protected":false},"author":1,"featured_media":0,"parent":0,"menu_order":0,"comment_status":"closed","ping_status":"closed","template":"","meta":{"footnotes":""},"class_list":["post-82","page","type-page","status-publish"],"yoast_head":"<!-- This site is optimized with the Yoast SEO plugin v23.9 - https:\/\/yoast.com\/wordpress\/plugins\/seo\/ -->\n<title>\u00c0 propos - Gautier Babe<\/title>\n<meta name=\"description\" content=\"Gautier Babe. Sc\u00e9nariste - R\u00e9alisateur - Block 8 Production\" \/>\n<meta name=\"robots\" content=\"index, follow, max-snippet:-1, max-image-preview:large, max-video-preview:-1\" \/>\n<link rel=\"canonical\" href=\"https:\/\/gautierbabe.com\/index.php\/fr\/about\/\" \/>\n<meta property=\"og:locale\" content=\"en_US\" \/>\n<meta property=\"og:type\" content=\"article\" \/>\n<meta property=\"og:title\" content=\"\u00c0 propos - Gautier Babe\" \/>\n<meta property=\"og:description\" content=\"Gautier Babe. Sc\u00e9nariste - R\u00e9alisateur - Block 8 Production\" \/>\n<meta property=\"og:url\" content=\"https:\/\/gautierbabe.com\/index.php\/fr\/about\/\" \/>\n<meta property=\"og:site_name\" content=\"Gautier Babe\" \/>\n<meta property=\"article:modified_time\" content=\"2024-12-02T12:51:28+00:00\" \/>\n<meta name=\"twitter:card\" content=\"summary_large_image\" \/>\n<meta name=\"twitter:label1\" content=\"Est. reading time\" \/>\n\t<meta name=\"twitter:data1\" content=\"3 minutes\" \/>\n<script type=\"application\/ld+json\" class=\"yoast-schema-graph\">{\"@context\":\"https:\/\/schema.org\",\"@graph\":[{\"@type\":\"WebPage\",\"@id\":\"https:\/\/gautierbabe.com\/index.php\/fr\/about\/\",\"url\":\"https:\/\/gautierbabe.com\/index.php\/fr\/about\/\",\"name\":\"\u00c0 propos - Gautier Babe\",\"isPartOf\":{\"@id\":\"https:\/\/gautierbabe.com\/#website\"},\"datePublished\":\"2022-02-16T12:09:38+00:00\",\"dateModified\":\"2024-12-02T12:51:28+00:00\",\"description\":\"Gautier Babe. Sc\u00e9nariste - R\u00e9alisateur - Block 8 Production\",\"breadcrumb\":{\"@id\":\"https:\/\/gautierbabe.com\/index.php\/fr\/about\/#breadcrumb\"},\"inLanguage\":\"en-US\",\"potentialAction\":[{\"@type\":\"ReadAction\",\"target\":[\"https:\/\/gautierbabe.com\/index.php\/fr\/about\/\"]}]},{\"@type\":\"BreadcrumbList\",\"@id\":\"https:\/\/gautierbabe.com\/index.php\/fr\/about\/#breadcrumb\",\"itemListElement\":[{\"@type\":\"ListItem\",\"position\":1,\"name\":\"Accueil\",\"item\":\"https:\/\/gautierbabe.com\/index.php\/fr\/gautier-babe\/\"},{\"@type\":\"ListItem\",\"position\":2,\"name\":\"\u00c0 propos\"}]},{\"@type\":\"WebSite\",\"@id\":\"https:\/\/gautierbabe.com\/#website\",\"url\":\"https:\/\/gautierbabe.com\/\",\"name\":\"Gautier Babe\",\"description\":\"\",\"potentialAction\":[{\"@type\":\"SearchAction\",\"target\":{\"@type\":\"EntryPoint\",\"urlTemplate\":\"https:\/\/gautierbabe.com\/?s={search_term_string}\"},\"query-input\":{\"@type\":\"PropertyValueSpecification\",\"valueRequired\":true,\"valueName\":\"search_term_string\"}}],\"inLanguage\":\"en-US\"}]}<\/script>\n<!-- \/ Yoast SEO plugin. -->","yoast_head_json":{"title":"\u00c0 propos - Gautier Babe","description":"Gautier Babe. Sc\u00e9nariste - R\u00e9alisateur - Block 8 Production","robots":{"index":"index","follow":"follow","max-snippet":"max-snippet:-1","max-image-preview":"max-image-preview:large","max-video-preview":"max-video-preview:-1"},"canonical":"https:\/\/gautierbabe.com\/index.php\/fr\/about\/","og_locale":"en_US","og_type":"article","og_title":"\u00c0 propos - Gautier Babe","og_description":"Gautier Babe. Sc\u00e9nariste - R\u00e9alisateur - Block 8 Production","og_url":"https:\/\/gautierbabe.com\/index.php\/fr\/about\/","og_site_name":"Gautier Babe","article_modified_time":"2024-12-02T12:51:28+00:00","twitter_card":"summary_large_image","twitter_misc":{"Est. reading time":"3 minutes"},"schema":{"@context":"https:\/\/schema.org","@graph":[{"@type":"WebPage","@id":"https:\/\/gautierbabe.com\/index.php\/fr\/about\/","url":"https:\/\/gautierbabe.com\/index.php\/fr\/about\/","name":"\u00c0 propos - Gautier Babe","isPartOf":{"@id":"https:\/\/gautierbabe.com\/#website"},"datePublished":"2022-02-16T12:09:38+00:00","dateModified":"2024-12-02T12:51:28+00:00","description":"Gautier Babe. Sc\u00e9nariste - R\u00e9alisateur - Block 8 Production","breadcrumb":{"@id":"https:\/\/gautierbabe.com\/index.php\/fr\/about\/#breadcrumb"},"inLanguage":"en-US","potentialAction":[{"@type":"ReadAction","target":["https:\/\/gautierbabe.com\/index.php\/fr\/about\/"]}]},{"@type":"BreadcrumbList","@id":"https:\/\/gautierbabe.com\/index.php\/fr\/about\/#breadcrumb","itemListElement":[{"@type":"ListItem","position":1,"name":"Accueil","item":"https:\/\/gautierbabe.com\/index.php\/fr\/gautier-babe\/"},{"@type":"ListItem","position":2,"name":"\u00c0 propos"}]},{"@type":"WebSite","@id":"https:\/\/gautierbabe.com\/#website","url":"https:\/\/gautierbabe.com\/","name":"Gautier Babe","description":"","potentialAction":[{"@type":"SearchAction","target":{"@type":"EntryPoint","urlTemplate":"https:\/\/gautierbabe.com\/?s={search_term_string}"},"query-input":{"@type":"PropertyValueSpecification","valueRequired":true,"valueName":"search_term_string"}}],"inLanguage":"en-US"}]}},"_links":{"self":[{"href":"https:\/\/gautierbabe.com\/index.php\/wp-json\/wp\/v2\/pages\/82","targetHints":{"allow":["GET"]}}],"collection":[{"href":"https:\/\/gautierbabe.com\/index.php\/wp-json\/wp\/v2\/pages"}],"about":[{"href":"https:\/\/gautierbabe.com\/index.php\/wp-json\/wp\/v2\/types\/page"}],"author":[{"embeddable":true,"href":"https:\/\/gautierbabe.com\/index.php\/wp-json\/wp\/v2\/users\/1"}],"replies":[{"embeddable":true,"href":"https:\/\/gautierbabe.com\/index.php\/wp-json\/wp\/v2\/comments?post=82"}],"version-history":[{"count":109,"href":"https:\/\/gautierbabe.com\/index.php\/wp-json\/wp\/v2\/pages\/82\/revisions"}],"predecessor-version":[{"id":593,"href":"https:\/\/gautierbabe.com\/index.php\/wp-json\/wp\/v2\/pages\/82\/revisions\/593"}],"wp:attachment":[{"href":"https:\/\/gautierbabe.com\/index.php\/wp-json\/wp\/v2\/media?parent=82"}],"curies":[{"name":"wp","href":"https:\/\/api.w.org\/{rel}","templated":true}]}}